{"id":6774,"date":"2022-11-15T11:31:49","date_gmt":"2022-11-15T10:31:49","guid":{"rendered":"https:\/\/casasoftch2.wpengine.com\/impresa\/jobs\/"},"modified":"2023-02-16T17:12:31","modified_gmt":"2023-02-16T16:12:31","slug":"casasoft-jobs","status":"publish","type":"page","link":"https:\/\/casasoft.ch\/it\/casasoft-jobs\/","title":{"rendered":"Offerte di lavoro"},"content":{"rendered":"\n<div  class=\"\n        content-wrapper \n        content-wrapper--padding-top-default        content-wrapper--padding-bottom-default \n        content-wrapper--background-color-light \n         \n         \n         \n            \">\n    <div class=\"container\" >\n        <div class=\"acf-innerblocks-container\">\n\n<div class=\"wp-block-columns is-layout-flex wp-container-core-columns-is-layout-28f84493 wp-block-columns-is-layout-flex\">\n<div class=\"wp-block-column is-layout-flow wp-block-column-is-layout-flow\"><div class=\"heading-module \">\n            <span class=\"cs-supertitle looks-like-h3\">\n            Entra a far parte dell\u2019alleanza di ribelli         <\/span>\n        \t\t\t\t\t\n        <h1 class=\"heading-module__title \">\n            Lavoro @ CASASOFT        <\/h1>\n    <\/div>\n\n\n<div class=\"text-module\">\n            <div class=\"text-module__text cs-text-thin\">\n            <p>Siamo alla ricerca di persone di talento, ambiziose e curiose che vogliano dar forma insieme a noi al futuro del mercato immobiliare svizzero. Chi lavora da CASASOFT \u00e8 una persona corretta e aperta che ama il gioco di squadra. I team si organizzano per lo pi\u00f9 in autonomia e trovano da soli le modalit\u00e0 ottimali per lavorare assieme. Grazie a gerarchie piatte, chiunque pu\u00f2 contribuire allo sviluppo dell\u2019azienda. Quindi, se anche a te piace autodeterminare il tuo lavoro e senti un forte impulso a contribuire, per noi sei una risorsa preziosa come l\u2019oro.<\/p>\n        <\/div>\n    <\/div>\n<\/div>\n\n\n\n<div class=\"wp-block-column is-layout-flow wp-block-column-is-layout-flow\">\n<div \n    class=\"image-module \">\n            <div class=\"image-module__image\">\n                            <img \n                    class=\"img-fluid image-module__image__img lazyload\" \n                    width=\"2560\" \n                    height=\"1132\" \n                    data-src=\"https:\/\/casasoft.ch\/wp-content\/uploads\/2022\/11\/CAS__Webicons__Illustrations__2221124_01_10.1-scaled-1024x453.webp\" \n                    alt=\"\">\n                    <\/div>\n    <\/div>\n<\/div>\n<\/div>\n\n<\/div>\n    <\/div>\n<\/div>\n\n\n<div  class=\"\n        content-wrapper \n        content-wrapper--padding-top-default        content-wrapper--padding-bottom-default \n        content-wrapper--background-color-light2 \n         \n         \n         \n            \">\n    <div class=\"container\" >\n        <div class=\"acf-innerblocks-container\">\n\n<div class=\"wp-block-columns is-layout-flex wp-container-core-columns-is-layout-28f84493 wp-block-columns-is-layout-flex\">\n<div class=\"wp-block-column is-layout-flow wp-block-column-is-layout-flow\"><div class=\"heading-module \">\n        \t\t\t\t\t\n        <h2 class=\"heading-module__title \">\n            Posizioni aperte        <\/h2>\n    <\/div>\n\n\n<div class=\"text-module\">\n            <div class=\"text-module__text cs-text-thin\">\n            <p>Vorresti far parte della nostra squadra e partecipare anche tu al successo di CASASOFT? Saremo lieti di ricevere la tua candidatura. Ecco alcuni consigli per te:<\/p>\n<ul>\n<li>Sii te stessa\/o<\/li>\n<li>Inviaci un fascicolo completo con tutti gli allegati<\/li>\n<li>Utilizza il link indicato per la candidatura<\/li>\n<li>Lettera di motivazione: meglio sintetica e personale che lunga con tante frasi insignificanti<\/li>\n<li>FYI: la lingua ufficiale in azienda \u00e8 l\u2019inglese. Ma tra noi parliamo anche in tedesco in francese e in italiano<\/li>\n<\/ul>\n        <\/div>\n    <\/div>\n<\/div>\n\n\n\n<div class=\"wp-block-column is-layout-flow wp-block-column-is-layout-flow\">\n<div \n    class=\"\n        slider-wrapper \n        slider-wrapper--adaptive-height \n        slider-wrapper--with-spacing    \" \n    data-autoplay=\"\"\n    data-arrows=\"1\"\n    data-dots=\"1\" \n    data-adaptiveheight=\"1\">\n    <div class=\"acf-innerblocks-container\">\n[casawpjobs_jobs]\n<\/div>\n<\/div>\n\n\n\n<\/div>\n<\/div>\n\n<\/div>\n    <\/div>\n<\/div>\n\n\n<div  class=\"\n        content-wrapper \n        content-wrapper--padding-top-default        content-wrapper--padding-bottom-default \n        content-wrapper--background-color-light \n         \n         \n         \n            \">\n    <div class=\"container\" >\n        <div class=\"acf-innerblocks-container\">\n<div class=\"heading-module content-centered\">\n        \t\t\t\t\t\n        <h2 class=\"heading-module__title heading-spacing-large\">\n            Lavorare in CASASOFT        <\/h2>\n    <\/div>\n\n\n<div class=\"icon-list-module\">\n            <div class=\"icon-list-module__items\">\n            <div class=\"row horizontal-gap-xl\">\n                                    <div class=\"col-lg-6\">\n                                                                                                <div class=\"icon-list-module__items__item\">\n                                                            <img class=\"img-fluid icon-list-module__items__item__icon lazyload\" \n                                data-src=\"https:\/\/casasoft.ch\/wp-content\/uploads\/2022\/12\/Remote.svg\" \n                                width=\"33\" \n                                height=\"33\" \n                                alt=\"\">\n                                                                                        <div class=\"icon-list-module__items__item__content\">\n                                                                            <h3>Lavorare da remoto<\/h3>\n                                                                                                                <p>Puoi lavorare da casa, fuori casa o in sede in ufficio. I team definiscono le regole a riguardo e si organizzano in autonomia.<\/p>\n                                                                    <\/div>\n                                                    <\/div>\n                    <\/div>\n                                    <div class=\"col-lg-6\">\n                                                                                                <div class=\"icon-list-module__items__item\">\n                                                            <img class=\"img-fluid icon-list-module__items__item__icon lazyload\" \n                                data-src=\"https:\/\/casasoft.ch\/wp-content\/uploads\/2022\/12\/Arbeitszeit.svg\" \n                                width=\"33\" \n                                height=\"33\" \n                                alt=\"\">\n                                                                                        <div class=\"icon-list-module__items__item__content\">\n                                                                            <h3>Orari di lavoro flessibili<\/h3>\n                                                                                                                <p>Da noi lavori 8\u00a0ore al giorno. L\u2019orario di lavoro si basa sulla fiducia e puoi organizzare la giornata lavorativa con flessibilit\u00e0.<\/p>\n                                                                    <\/div>\n                                                    <\/div>\n                    <\/div>\n                                    <div class=\"col-lg-6\">\n                                                                                                <div class=\"icon-list-module__items__item\">\n                                                            <img class=\"img-fluid icon-list-module__items__item__icon lazyload\" \n                                data-src=\"https:\/\/casasoft.ch\/wp-content\/uploads\/2022\/12\/Hardware.svg\" \n                                width=\"33\" \n                                height=\"32\" \n                                alt=\"\">\n                                                                                        <div class=\"icon-list-module__items__item__content\">\n                                                                            <h3>Il tuo hardware<\/h3>\n                                                                                                                <p>Sei un tipo da PC o da Mac? Poco importa. Da noi puoi scegliere il dispositivo che preferisci.<\/p>\n                                                                    <\/div>\n                                                    <\/div>\n                    <\/div>\n                                    <div class=\"col-lg-6\">\n                                                                                                <div class=\"icon-list-module__items__item\">\n                                                            <img class=\"img-fluid icon-list-module__items__item__icon lazyload\" \n                                data-src=\"https:\/\/casasoft.ch\/wp-content\/uploads\/2022\/12\/Train.svg\" \n                                width=\"30\" \n                                height=\"33\" \n                                alt=\"\">\n                                                                                        <div class=\"icon-list-module__items__item__content\">\n                                                                            <h3>Buon viaggio<\/h3>\n                                                                                                                <p>Sponsorizziamo l\u2019abbonamento met\u00e0-prezzo e, per le trasferte di lavoro, viaggi in prima classe.<\/p>\n                                                                    <\/div>\n                                                    <\/div>\n                    <\/div>\n                                    <div class=\"col-lg-6\">\n                                                                                                <div class=\"icon-list-module__items__item\">\n                                                            <img class=\"img-fluid icon-list-module__items__item__icon lazyload\" \n                                data-src=\"https:\/\/casasoft.ch\/wp-content\/uploads\/2022\/12\/Familie.svg\" \n                                width=\"33\" \n                                height=\"33\" \n                                alt=\"\">\n                                                                                        <div class=\"icon-list-module__items__item__content\">\n                                                                            <h3>Questioni di famiglia<\/h3>\n                                                                                                                <p>6\u00a0settimane di congedo di paternit\u00e0 o in caso di adozione e 18\u00a0settimane di congedo di maternit\u00e0.<\/p>\n                                                                    <\/div>\n                                                    <\/div>\n                    <\/div>\n                                    <div class=\"col-lg-6\">\n                                                                                                <div class=\"icon-list-module__items__item\">\n                                                            <img class=\"img-fluid icon-list-module__items__item__icon lazyload\" \n                                data-src=\"https:\/\/casasoft.ch\/wp-content\/uploads\/2022\/12\/Ferien.svg\" \n                                width=\"33\" \n                                height=\"32\" \n                                alt=\"\">\n                                                                                        <div class=\"icon-list-module__items__item__content\">\n                                                                            <h3>Meritate vacanze<\/h3>\n                                                                                                                <p>30\u00a0giorni di vacanze e fino a 10\u00a0giorni di ferie non retribuite.<\/p>\n                                                                    <\/div>\n                                                    <\/div>\n                    <\/div>\n                            <\/div>\n        <\/div>\n    <\/div>\n\n<\/div>\n    <\/div>\n<\/div>","protected":false},"excerpt":{"rendered":"","protected":false},"author":1,"featured_media":0,"parent":0,"menu_order":25,"comment_status":"closed","ping_status":"closed","template":"","meta":{"_acf_changed":false,"inline_featured_image":false,"footnotes":""},"class_list":["post-6774","page","type-page","status-publish","hentry"],"acf":[],"yoast_head":"<!-- This site is optimized with the Yoast SEO plugin v27.6 - https:\/\/yoast.com\/product\/yoast-seo-wordpress\/ -->\n<title>Sei in cerca di nuove sfide?<\/title>\n<meta name=\"description\" content=\"Da CASASOFT lavorano persone ambiziose e curiose. Entra a far parte dell\u2019alleanza di Ribelli.\" \/>\n<meta name=\"robots\" content=\"index, follow, max-snippet:-1, max-image-preview:large, max-video-preview:-1\" \/>\n<link rel=\"canonical\" href=\"https:\/\/casasoft.ch\/it\/casasoft-jobs\/\" \/>\n<meta property=\"og:locale\" content=\"it_IT\" \/>\n<meta property=\"og:type\" content=\"article\" \/>\n<meta property=\"og:title\" content=\"Sei in cerca di nuove sfide?\" \/>\n<meta property=\"og:description\" content=\"Da CASASOFT lavorano persone ambiziose e curiose. Entra a far parte dell\u2019alleanza di Ribelli.\" \/>\n<meta property=\"og:url\" content=\"https:\/\/casasoft.ch\/it\/casasoft-jobs\/\" \/>\n<meta property=\"og:site_name\" content=\"Casasoft AG\" \/>\n<meta property=\"article:publisher\" content=\"https:\/\/www.facebook.com\/casasoft.ch\/\" \/>\n<meta property=\"article:modified_time\" content=\"2023-02-16T16:12:31+00:00\" \/>\n<meta name=\"twitter:card\" content=\"summary_large_image\" \/>\n<script type=\"application\/ld+json\" class=\"yoast-schema-graph\">{\"@context\":\"https:\\\/\\\/schema.org\",\"@graph\":[{\"@type\":\"WebPage\",\"@id\":\"https:\\\/\\\/casasoft.ch\\\/it\\\/casasoft-jobs\\\/\",\"url\":\"https:\\\/\\\/casasoft.ch\\\/it\\\/casasoft-jobs\\\/\",\"name\":\"Sei in cerca di nuove sfide?\",\"isPartOf\":{\"@id\":\"https:\\\/\\\/casasoftch2.wpengine.com\\\/#website\"},\"datePublished\":\"2022-11-15T10:31:49+00:00\",\"dateModified\":\"2023-02-16T16:12:31+00:00\",\"description\":\"Da CASASOFT lavorano persone ambiziose e curiose. Entra a far parte dell\u2019alleanza di Ribelli.\",\"breadcrumb\":{\"@id\":\"https:\\\/\\\/casasoft.ch\\\/it\\\/casasoft-jobs\\\/#breadcrumb\"},\"inLanguage\":\"it-IT\",\"potentialAction\":[{\"@type\":\"ReadAction\",\"target\":[\"https:\\\/\\\/casasoft.ch\\\/it\\\/casasoft-jobs\\\/\"]}]},{\"@type\":\"BreadcrumbList\",\"@id\":\"https:\\\/\\\/casasoft.ch\\\/it\\\/casasoft-jobs\\\/#breadcrumb\",\"itemListElement\":[{\"@type\":\"ListItem\",\"position\":1,\"name\":\"Startseite\",\"item\":\"https:\\\/\\\/casasoft.ch\\\/it\\\/\"},{\"@type\":\"ListItem\",\"position\":2,\"name\":\"Offerte di lavoro\"}]},{\"@type\":\"WebSite\",\"@id\":\"https:\\\/\\\/casasoftch2.wpengine.com\\\/#website\",\"url\":\"https:\\\/\\\/casasoftch2.wpengine.com\\\/\",\"name\":\"Casasoft AG\",\"description\":\"\",\"publisher\":{\"@id\":\"https:\\\/\\\/casasoftch2.wpengine.com\\\/#organization\"},\"potentialAction\":[{\"@type\":\"SearchAction\",\"target\":{\"@type\":\"EntryPoint\",\"urlTemplate\":\"https:\\\/\\\/casasoftch2.wpengine.com\\\/?s={search_term_string}\"},\"query-input\":{\"@type\":\"PropertyValueSpecification\",\"valueRequired\":true,\"valueName\":\"search_term_string\"}}],\"inLanguage\":\"it-IT\"},{\"@type\":\"Organization\",\"@id\":\"https:\\\/\\\/casasoftch2.wpengine.com\\\/#organization\",\"name\":\"Casasoft AG\",\"url\":\"https:\\\/\\\/casasoftch2.wpengine.com\\\/\",\"logo\":{\"@type\":\"ImageObject\",\"inLanguage\":\"it-IT\",\"@id\":\"https:\\\/\\\/casasoftch2.wpengine.com\\\/#\\\/schema\\\/logo\\\/image\\\/\",\"url\":\"https:\\\/\\\/casasoft.ch\\\/wp-content\\\/uploads\\\/2022\\\/12\\\/logo-2.svg\",\"contentUrl\":\"https:\\\/\\\/casasoft.ch\\\/wp-content\\\/uploads\\\/2022\\\/12\\\/logo-2.svg\",\"width\":284,\"height\":38,\"caption\":\"Casasoft AG\"},\"image\":{\"@id\":\"https:\\\/\\\/casasoftch2.wpengine.com\\\/#\\\/schema\\\/logo\\\/image\\\/\"},\"sameAs\":[\"https:\\\/\\\/www.facebook.com\\\/casasoft.ch\\\/\",\"https:\\\/\\\/www.instagram.com\\\/casasoft.ch\\\/\",\"https:\\\/\\\/ch.linkedin.com\\\/company\\\/casasoft-ag\"]}]}<\/script>\n<!-- \/ Yoast SEO plugin. -->","yoast_head_json":{"title":"Sei in cerca di nuove sfide?","description":"Da CASASOFT lavorano persone ambiziose e curiose. Entra a far parte dell\u2019alleanza di Ribelli.","robots":{"index":"index","follow":"follow","max-snippet":"max-snippet:-1","max-image-preview":"max-image-preview:large","max-video-preview":"max-video-preview:-1"},"canonical":"https:\/\/casasoft.ch\/it\/casasoft-jobs\/","og_locale":"it_IT","og_type":"article","og_title":"Sei in cerca di nuove sfide?","og_description":"Da CASASOFT lavorano persone ambiziose e curiose. Entra a far parte dell\u2019alleanza di Ribelli.","og_url":"https:\/\/casasoft.ch\/it\/casasoft-jobs\/","og_site_name":"Casasoft AG","article_publisher":"https:\/\/www.facebook.com\/casasoft.ch\/","article_modified_time":"2023-02-16T16:12:31+00:00","twitter_card":"summary_large_image","schema":{"@context":"https:\/\/schema.org","@graph":[{"@type":"WebPage","@id":"https:\/\/casasoft.ch\/it\/casasoft-jobs\/","url":"https:\/\/casasoft.ch\/it\/casasoft-jobs\/","name":"Sei in cerca di nuove sfide?","isPartOf":{"@id":"https:\/\/casasoftch2.wpengine.com\/#website"},"datePublished":"2022-11-15T10:31:49+00:00","dateModified":"2023-02-16T16:12:31+00:00","description":"Da CASASOFT lavorano persone ambiziose e curiose. Entra a far parte dell\u2019alleanza di Ribelli.","breadcrumb":{"@id":"https:\/\/casasoft.ch\/it\/casasoft-jobs\/#breadcrumb"},"inLanguage":"it-IT","potentialAction":[{"@type":"ReadAction","target":["https:\/\/casasoft.ch\/it\/casasoft-jobs\/"]}]},{"@type":"BreadcrumbList","@id":"https:\/\/casasoft.ch\/it\/casasoft-jobs\/#breadcrumb","itemListElement":[{"@type":"ListItem","position":1,"name":"Startseite","item":"https:\/\/casasoft.ch\/it\/"},{"@type":"ListItem","position":2,"name":"Offerte di lavoro"}]},{"@type":"WebSite","@id":"https:\/\/casasoftch2.wpengine.com\/#website","url":"https:\/\/casasoftch2.wpengine.com\/","name":"Casasoft AG","description":"","publisher":{"@id":"https:\/\/casasoftch2.wpengine.com\/#organization"},"potentialAction":[{"@type":"SearchAction","target":{"@type":"EntryPoint","urlTemplate":"https:\/\/casasoftch2.wpengine.com\/?s={search_term_string}"},"query-input":{"@type":"PropertyValueSpecification","valueRequired":true,"valueName":"search_term_string"}}],"inLanguage":"it-IT"},{"@type":"Organization","@id":"https:\/\/casasoftch2.wpengine.com\/#organization","name":"Casasoft AG","url":"https:\/\/casasoftch2.wpengine.com\/","logo":{"@type":"ImageObject","inLanguage":"it-IT","@id":"https:\/\/casasoftch2.wpengine.com\/#\/schema\/logo\/image\/","url":"https:\/\/casasoft.ch\/wp-content\/uploads\/2022\/12\/logo-2.svg","contentUrl":"https:\/\/casasoft.ch\/wp-content\/uploads\/2022\/12\/logo-2.svg","width":284,"height":38,"caption":"Casasoft AG"},"image":{"@id":"https:\/\/casasoftch2.wpengine.com\/#\/schema\/logo\/image\/"},"sameAs":["https:\/\/www.facebook.com\/casasoft.ch\/","https:\/\/www.instagram.com\/casasoft.ch\/","https:\/\/ch.linkedin.com\/company\/casasoft-ag"]}]}},"_links":{"self":[{"href":"https:\/\/casasoft.ch\/it\/wp-json\/wp\/v2\/pages\/6774","targetHints":{"allow":["GET"]}}],"collection":[{"href":"https:\/\/casasoft.ch\/it\/wp-json\/wp\/v2\/pages"}],"about":[{"href":"https:\/\/casasoft.ch\/it\/wp-json\/wp\/v2\/types\/page"}],"author":[{"embeddable":true,"href":"https:\/\/casasoft.ch\/it\/wp-json\/wp\/v2\/users\/1"}],"replies":[{"embeddable":true,"href":"https:\/\/casasoft.ch\/it\/wp-json\/wp\/v2\/comments?post=6774"}],"version-history":[{"count":0,"href":"https:\/\/casasoft.ch\/it\/wp-json\/wp\/v2\/pages\/6774\/revisions"}],"wp:attachment":[{"href":"https:\/\/casasoft.ch\/it\/wp-json\/wp\/v2\/media?parent=6774"}],"curies":[{"name":"wp","href":"https:\/\/api.w.org\/{rel}","templated":true}]}}