{"id":5044,"date":"2022-11-15T11:30:30","date_gmt":"2022-11-15T10:30:30","guid":{"rendered":"https:\/\/casasoftch2.wpengine.com\/blog\/"},"modified":"2023-02-16T17:12:28","modified_gmt":"2023-02-16T16:12:28","slug":"blog","status":"publish","type":"page","link":"https:\/\/casasoft.ch\/fr\/blog\/","title":{"rendered":"Blog"},"content":{"rendered":"\n<div  class=\"\n        content-wrapper \n        content-wrapper--padding-top-default        content-wrapper--padding-bottom-small \n        content-wrapper--background-color-light \n         \n         \n         \n            \">\n    <div class=\"container\" >\n        <div class=\"acf-innerblocks-container\">\n\n<div class=\"wp-block-columns is-layout-flex wp-container-core-columns-is-layout-28f84493 wp-block-columns-is-layout-flex\">\n<div class=\"wp-block-column is-layout-flow wp-block-column-is-layout-flow\" style=\"flex-basis:40%\"><div class=\"heading-module \">\n            <span class=\"cs-supertitle looks-like-h3\">\n            Blog        <\/span>\n        \t\t\t\t\t\n        <h1 class=\"heading-module__title \">\n            Derniers articles        <\/h1>\n    <\/div>\n\n\n<div class=\"text-module\">\n            <div class=\"text-module__text cs-text-thin\">\n            <p>Les derni\u00e8res actualit\u00e9s sur nos produits, sur l&#8217;entreprise et sur le th\u00e8me de l\u2019immobilier num\u00e9rique.<\/p>\n        <\/div>\n    <\/div>\n<\/div>\n\n\n\n<div class=\"wp-block-column is-layout-flow wp-block-column-is-layout-flow\"><\/div>\n<\/div>\n\n<\/div>\n    <\/div>\n<\/div>","protected":false},"excerpt":{"rendered":"","protected":false},"author":1,"featured_media":0,"parent":0,"menu_order":4,"comment_status":"closed","ping_status":"closed","template":"archive-post.php","meta":{"_acf_changed":false,"inline_featured_image":false,"footnotes":""},"class_list":["post-5044","page","type-page","status-publish","hentry"],"acf":[],"yoast_head":"<!-- This site is optimized with the Yoast SEO plugin v27.2 - https:\/\/yoast.com\/product\/yoast-seo-wordpress\/ -->\n<title>Blog - Casasoft AG<\/title>\n<meta name=\"robots\" content=\"index, follow, max-snippet:-1, max-image-preview:large, max-video-preview:-1\" \/>\n<link rel=\"canonical\" href=\"https:\/\/casasoft.ch\/fr\/blog\/\" \/>\n<meta property=\"og:locale\" content=\"fr_FR\" \/>\n<meta property=\"og:type\" content=\"article\" \/>\n<meta property=\"og:title\" content=\"Blog - Casasoft AG\" \/>\n<meta property=\"og:url\" content=\"https:\/\/casasoft.ch\/fr\/blog\/\" \/>\n<meta property=\"og:site_name\" content=\"Casasoft AG\" \/>\n<meta property=\"article:publisher\" content=\"https:\/\/www.facebook.com\/casasoft.ch\/\" \/>\n<meta property=\"article:modified_time\" content=\"2023-02-16T16:12:28+00:00\" \/>\n<meta name=\"twitter:card\" content=\"summary_large_image\" \/>\n<script type=\"application\/ld+json\" class=\"yoast-schema-graph\">{\"@context\":\"https:\/\/schema.org\",\"@graph\":[{\"@type\":\"WebPage\",\"@id\":\"https:\/\/casasoft.ch\/fr\/blog\/\",\"url\":\"https:\/\/casasoft.ch\/fr\/blog\/\",\"name\":\"Blog - Casasoft AG\",\"isPartOf\":{\"@id\":\"https:\/\/casasoftch2.wpengine.com\/#website\"},\"datePublished\":\"2022-11-15T10:30:30+00:00\",\"dateModified\":\"2023-02-16T16:12:28+00:00\",\"breadcrumb\":{\"@id\":\"https:\/\/casasoft.ch\/fr\/blog\/#breadcrumb\"},\"inLanguage\":\"fr-FR\",\"potentialAction\":[{\"@type\":\"ReadAction\",\"target\":[\"https:\/\/casasoft.ch\/fr\/blog\/\"]}]},{\"@type\":\"BreadcrumbList\",\"@id\":\"https:\/\/casasoft.ch\/fr\/blog\/#breadcrumb\",\"itemListElement\":[{\"@type\":\"ListItem\",\"position\":1,\"name\":\"Startseite\",\"item\":\"https:\/\/casasoft.ch\/fr\/\"},{\"@type\":\"ListItem\",\"position\":2,\"name\":\"Blog\"}]},{\"@type\":\"WebSite\",\"@id\":\"https:\/\/casasoftch2.wpengine.com\/#website\",\"url\":\"https:\/\/casasoftch2.wpengine.com\/\",\"name\":\"Casasoft AG\",\"description\":\"\",\"publisher\":{\"@id\":\"https:\/\/casasoftch2.wpengine.com\/#organization\"},\"potentialAction\":[{\"@type\":\"SearchAction\",\"target\":{\"@type\":\"EntryPoint\",\"urlTemplate\":\"https:\/\/casasoftch2.wpengine.com\/?s={search_term_string}\"},\"query-input\":{\"@type\":\"PropertyValueSpecification\",\"valueRequired\":true,\"valueName\":\"search_term_string\"}}],\"inLanguage\":\"fr-FR\"},{\"@type\":\"Organization\",\"@id\":\"https:\/\/casasoftch2.wpengine.com\/#organization\",\"name\":\"Casasoft AG\",\"url\":\"https:\/\/casasoftch2.wpengine.com\/\",\"logo\":{\"@type\":\"ImageObject\",\"inLanguage\":\"fr-FR\",\"@id\":\"https:\/\/casasoftch2.wpengine.com\/#\/schema\/logo\/image\/\",\"url\":\"https:\/\/casasoft.ch\/wp-content\/uploads\/2022\/12\/logo-2.svg\",\"contentUrl\":\"https:\/\/casasoft.ch\/wp-content\/uploads\/2022\/12\/logo-2.svg\",\"width\":284,\"height\":38,\"caption\":\"Casasoft AG\"},\"image\":{\"@id\":\"https:\/\/casasoftch2.wpengine.com\/#\/schema\/logo\/image\/\"},\"sameAs\":[\"https:\/\/www.facebook.com\/casasoft.ch\/\",\"https:\/\/www.instagram.com\/casasoft.ch\/\",\"https:\/\/ch.linkedin.com\/company\/casasoft-ag\"]}]}<\/script>\n<!-- \/ Yoast SEO plugin. -->","yoast_head_json":{"title":"Blog - Casasoft AG","robots":{"index":"index","follow":"follow","max-snippet":"max-snippet:-1","max-image-preview":"max-image-preview:large","max-video-preview":"max-video-preview:-1"},"canonical":"https:\/\/casasoft.ch\/fr\/blog\/","og_locale":"fr_FR","og_type":"article","og_title":"Blog - Casasoft AG","og_url":"https:\/\/casasoft.ch\/fr\/blog\/","og_site_name":"Casasoft AG","article_publisher":"https:\/\/www.facebook.com\/casasoft.ch\/","article_modified_time":"2023-02-16T16:12:28+00:00","twitter_card":"summary_large_image","schema":{"@context":"https:\/\/schema.org","@graph":[{"@type":"WebPage","@id":"https:\/\/casasoft.ch\/fr\/blog\/","url":"https:\/\/casasoft.ch\/fr\/blog\/","name":"Blog - Casasoft AG","isPartOf":{"@id":"https:\/\/casasoftch2.wpengine.com\/#website"},"datePublished":"2022-11-15T10:30:30+00:00","dateModified":"2023-02-16T16:12:28+00:00","breadcrumb":{"@id":"https:\/\/casasoft.ch\/fr\/blog\/#breadcrumb"},"inLanguage":"fr-FR","potentialAction":[{"@type":"ReadAction","target":["https:\/\/casasoft.ch\/fr\/blog\/"]}]},{"@type":"BreadcrumbList","@id":"https:\/\/casasoft.ch\/fr\/blog\/#breadcrumb","itemListElement":[{"@type":"ListItem","position":1,"name":"Startseite","item":"https:\/\/casasoft.ch\/fr\/"},{"@type":"ListItem","position":2,"name":"Blog"}]},{"@type":"WebSite","@id":"https:\/\/casasoftch2.wpengine.com\/#website","url":"https:\/\/casasoftch2.wpengine.com\/","name":"Casasoft AG","description":"","publisher":{"@id":"https:\/\/casasoftch2.wpengine.com\/#organization"},"potentialAction":[{"@type":"SearchAction","target":{"@type":"EntryPoint","urlTemplate":"https:\/\/casasoftch2.wpengine.com\/?s={search_term_string}"},"query-input":{"@type":"PropertyValueSpecification","valueRequired":true,"valueName":"search_term_string"}}],"inLanguage":"fr-FR"},{"@type":"Organization","@id":"https:\/\/casasoftch2.wpengine.com\/#organization","name":"Casasoft AG","url":"https:\/\/casasoftch2.wpengine.com\/","logo":{"@type":"ImageObject","inLanguage":"fr-FR","@id":"https:\/\/casasoftch2.wpengine.com\/#\/schema\/logo\/image\/","url":"https:\/\/casasoft.ch\/wp-content\/uploads\/2022\/12\/logo-2.svg","contentUrl":"https:\/\/casasoft.ch\/wp-content\/uploads\/2022\/12\/logo-2.svg","width":284,"height":38,"caption":"Casasoft AG"},"image":{"@id":"https:\/\/casasoftch2.wpengine.com\/#\/schema\/logo\/image\/"},"sameAs":["https:\/\/www.facebook.com\/casasoft.ch\/","https:\/\/www.instagram.com\/casasoft.ch\/","https:\/\/ch.linkedin.com\/company\/casasoft-ag"]}]}},"_links":{"self":[{"href":"https:\/\/casasoft.ch\/fr\/wp-json\/wp\/v2\/pages\/5044","targetHints":{"allow":["GET"]}}],"collection":[{"href":"https:\/\/casasoft.ch\/fr\/wp-json\/wp\/v2\/pages"}],"about":[{"href":"https:\/\/casasoft.ch\/fr\/wp-json\/wp\/v2\/types\/page"}],"author":[{"embeddable":true,"href":"https:\/\/casasoft.ch\/fr\/wp-json\/wp\/v2\/users\/1"}],"replies":[{"embeddable":true,"href":"https:\/\/casasoft.ch\/fr\/wp-json\/wp\/v2\/comments?post=5044"}],"version-history":[{"count":0,"href":"https:\/\/casasoft.ch\/fr\/wp-json\/wp\/v2\/pages\/5044\/revisions"}],"wp:attachment":[{"href":"https:\/\/casasoft.ch\/fr\/wp-json\/wp\/v2\/media?parent=5044"}],"curies":[{"name":"wp","href":"https:\/\/api.w.org\/{rel}","templated":true}]}}